{"id":84,"date":"2024-01-03T12:35:04","date_gmt":"2024-01-03T12:35:04","guid":{"rendered":"https:\/\/casaruralarcodevillahoz.es\/?page_id=84"},"modified":"2024-01-08T15:28:48","modified_gmt":"2024-01-08T15:28:48","slug":"casa-rural","status":"publish","type":"page","link":"https:\/\/casaruralarcodevillahoz.es\/en\/casa-rural\/","title":{"rendered":"Rural House"},"content":{"rendered":"<div data-elementor-type=\"wp-page\" data-elementor-id=\"84\" class=\"elementor elementor-84\" data-elementor-post-type=\"page\">\n\t\t\t\t<div class=\"elementor-element elementor-element-9429dff elementor-hidden-mobile e-flex e-con-boxed e-con e-parent\" data-id=\"9429dff\" data-element_type=\"container\" data-settings=\"{&quot;background_background&quot;:&quot;gradient&quot;}\">\n\t\t\t\t\t<div class=\"e-con-inner\">\n\t\t\t\t<div class=\"elementor-element elementor-element-fa7c436 elementor-widget elementor-widget-spacer\" data-id=\"fa7c436\" data-element_type=\"widget\" data-widget_type=\"spacer.default\">\n\t\t\t\t<div class=\"elementor-widget-container\">\n\t\t\t\t\t<div class=\"elementor-spacer\">\n\t\t\t<div class=\"elementor-spacer-inner\"><\/div>\n\t\t<\/div>\n\t\t\t\t<\/div>\n\t\t\t\t<\/div>\n\t\t\t\t\t<\/div>\n\t\t\t\t<\/div>\n\t\t<div class=\"elementor-element elementor-element-80f50f3 e-flex e-con-boxed e-con e-parent\" data-id=\"80f50f3\" data-element_type=\"container\" data-settings=\"{&quot;background_background&quot;:&quot;classic&quot;}\">\n\t\t\t\t\t<div class=\"e-con-inner\">\n\t\t<div class=\"elementor-element elementor-element-ed9ba32 e-con-full e-flex e-con e-child\" data-id=\"ed9ba32\" data-element_type=\"container\" data-settings=\"{&quot;background_background&quot;:&quot;classic&quot;}\">\n\t\t\t\t<div class=\"elementor-element elementor-element-ae6dbd8 elementor-widget__width-initial elementor-position-top elementor-widget elementor-widget-image-box\" data-id=\"ae6dbd8\" data-element_type=\"widget\" data-widget_type=\"image-box.default\">\n\t\t\t\t<div class=\"elementor-widget-container\">\n\t\t\t<div class=\"elementor-image-box-wrapper\"><figure class=\"elementor-image-box-img\"><img fetchpriority=\"high\" decoding=\"async\" width=\"512\" height=\"512\" src=\"https:\/\/casaruralarcodevillahoz.es\/wp-content\/uploads\/2024\/01\/gente.png\" class=\"attachment-full size-full wp-image-139\" alt=\"\" srcset=\"https:\/\/casaruralarcodevillahoz.es\/wp-content\/uploads\/2024\/01\/gente.png 512w, https:\/\/casaruralarcodevillahoz.es\/wp-content\/uploads\/2024\/01\/gente-300x300.png 300w, https:\/\/casaruralarcodevillahoz.es\/wp-content\/uploads\/2024\/01\/gente-150x150.png 150w\" sizes=\"(max-width: 512px) 100vw, 512px\" \/><\/figure><div class=\"elementor-image-box-content\"><h3 class=\"elementor-image-box-title\">Family and friends gatherings in a luxurious rural house<\/h3><\/div><\/div>\t\t<\/div>\n\t\t\t\t<\/div>\n\t\t\t\t<\/div>\n\t\t<div class=\"elementor-element elementor-element-ea9c950 e-con-full e-flex e-con e-child\" data-id=\"ea9c950\" data-element_type=\"container\" data-settings=\"{&quot;background_background&quot;:&quot;classic&quot;}\">\n\t\t\t\t<div class=\"elementor-element elementor-element-f77fc38 elementor-widget__width-initial elementor-position-top elementor-widget elementor-widget-image-box\" data-id=\"f77fc38\" data-element_type=\"widget\" data-widget_type=\"image-box.default\">\n\t\t\t\t<div class=\"elementor-widget-container\">\n\t\t\t<div class=\"elementor-image-box-wrapper\"><figure class=\"elementor-image-box-img\"><img decoding=\"async\" width=\"584\" height=\"641\" src=\"https:\/\/casaruralarcodevillahoz.es\/wp-content\/uploads\/2024\/01\/ubicacion.png\" class=\"attachment-full size-full wp-image-141\" alt=\"\" srcset=\"https:\/\/casaruralarcodevillahoz.es\/wp-content\/uploads\/2024\/01\/ubicacion.png 584w, https:\/\/casaruralarcodevillahoz.es\/wp-content\/uploads\/2024\/01\/ubicacion-273x300.png 273w\" sizes=\"(max-width: 584px) 100vw, 584px\" \/><\/figure><div class=\"elementor-image-box-content\"><h3 class=\"elementor-image-box-title\">A great environment with a perfect location<\/h3><\/div><\/div>\t\t<\/div>\n\t\t\t\t<\/div>\n\t\t\t\t<\/div>\n\t\t<div class=\"elementor-element elementor-element-a79cbf8 e-con-full e-flex e-con e-child\" data-id=\"a79cbf8\" data-element_type=\"container\" data-settings=\"{&quot;background_background&quot;:&quot;classic&quot;}\">\n\t\t\t\t<div class=\"elementor-element elementor-element-3fe4ec1 elementor-widget__width-initial elementor-position-top elementor-widget elementor-widget-image-box\" data-id=\"3fe4ec1\" data-element_type=\"widget\" data-widget_type=\"image-box.default\">\n\t\t\t\t<div class=\"elementor-widget-container\">\n\t\t\t<div class=\"elementor-image-box-wrapper\"><figure class=\"elementor-image-box-img\"><img decoding=\"async\" width=\"512\" height=\"512\" src=\"https:\/\/casaruralarcodevillahoz.es\/wp-content\/uploads\/2024\/01\/servicio-de-calidad.png\" class=\"attachment-full size-full wp-image-140\" alt=\"\" srcset=\"https:\/\/casaruralarcodevillahoz.es\/wp-content\/uploads\/2024\/01\/servicio-de-calidad.png 512w, https:\/\/casaruralarcodevillahoz.es\/wp-content\/uploads\/2024\/01\/servicio-de-calidad-300x300.png 300w, https:\/\/casaruralarcodevillahoz.es\/wp-content\/uploads\/2024\/01\/servicio-de-calidad-150x150.png 150w\" sizes=\"(max-width: 512px) 100vw, 512px\" \/><\/figure><div class=\"elementor-image-box-content\"><h3 class=\"elementor-image-box-title\">All the qualities during your stay<\/h3><\/div><\/div>\t\t<\/div>\n\t\t\t\t<\/div>\n\t\t\t\t<\/div>\n\t\t\t\t\t<\/div>\n\t\t\t\t<\/div>\n\t\t<div class=\"elementor-element elementor-element-3b2cbfb e-flex e-con-boxed e-con e-parent\" data-id=\"3b2cbfb\" data-element_type=\"container\" data-settings=\"{&quot;background_background&quot;:&quot;classic&quot;}\">\n\t\t\t\t\t<div class=\"e-con-inner\">\n\t\t<div class=\"elementor-element elementor-element-3fbb157 e-flex e-con-boxed e-con e-child\" data-id=\"3fbb157\" data-element_type=\"container\">\n\t\t\t\t\t<div class=\"e-con-inner\">\n\t\t<div class=\"elementor-element elementor-element-df44e01 e-con-full e-flex e-con e-child\" data-id=\"df44e01\" data-element_type=\"container\">\n\t\t\t\t<div class=\"elementor-element elementor-element-b55c357 elementor-widget__width-initial elementor-widget elementor-widget-heading\" data-id=\"b55c357\" data-element_type=\"widget\" data-widget_type=\"heading.default\">\n\t\t\t\t<div class=\"elementor-widget-container\">\n\t\t\t<h2 class=\"elementor-heading-title elementor-size-default\">THE RURAL HOUSE<\/h2>\t\t<\/div>\n\t\t\t\t<\/div>\n\t\t\t\t<div class=\"elementor-element elementor-element-77a150c elementor-widget__width-initial elementor-widget elementor-widget-text-editor\" data-id=\"77a150c\" data-element_type=\"widget\" data-widget_type=\"text-editor.default\">\n\t\t\t\t<div class=\"elementor-widget-container\">\n\t\t\t\t\t\t\t<p>Our rural house in Villahoz, south of Burgos, is close to the E 80 and A 1 highways, with easy access. The town offers a Renaissance church and is close to Mahamud and Santa Mar\u00eda del Campo, with Renaissance art and paintings. 17 km away is Lerma, with its Ducal Palace. The house has 8 bedrooms, 6 bathrooms, two kitchens and entertainment areas, ideal for family gatherings and excursions along the banks of the Arlanza, with the opportunity to taste Castilian food.<\/p>\t\t\t\t\t\t<\/div>\n\t\t\t\t<\/div>\n\t\t\t\t<\/div>\n\t\t\t\t<div class=\"elementor-element elementor-element-010b72f elementor-widget__width-initial elementor-widget elementor-widget-image\" data-id=\"010b72f\" data-element_type=\"widget\" data-widget_type=\"image.default\">\n\t\t\t\t<div class=\"elementor-widget-container\">\n\t\t\t\t\t\t\t\t\t\t\t\t\t<img loading=\"lazy\" decoding=\"async\" width=\"640\" height=\"427\" src=\"https:\/\/casaruralarcodevillahoz.es\/wp-content\/uploads\/2024\/01\/foto-1.png\" class=\"attachment-large size-large wp-image-143\" alt=\"\" srcset=\"https:\/\/casaruralarcodevillahoz.es\/wp-content\/uploads\/2024\/01\/foto-1.png 640w, https:\/\/casaruralarcodevillahoz.es\/wp-content\/uploads\/2024\/01\/foto-1-300x200.png 300w\" sizes=\"(max-width: 640px) 100vw, 640px\" \/>\t\t\t\t\t\t\t\t\t\t\t\t\t<\/div>\n\t\t\t\t<\/div>\n\t\t\t\t\t<\/div>\n\t\t\t\t<\/div>\n\t\t<div class=\"elementor-element elementor-element-0452254 e-flex e-con-boxed e-con e-child\" data-id=\"0452254\" data-element_type=\"container\">\n\t\t\t\t\t<div class=\"e-con-inner\">\n\t\t\t\t<div class=\"elementor-element elementor-element-467948b elementor-widget-mobile__width-inherit elementor-widget elementor-widget-image\" data-id=\"467948b\" data-element_type=\"widget\" data-widget_type=\"image.default\">\n\t\t\t\t<div class=\"elementor-widget-container\">\n\t\t\t\t\t\t\t\t\t\t\t\t\t<img loading=\"lazy\" decoding=\"async\" width=\"348\" height=\"232\" src=\"https:\/\/casaruralarcodevillahoz.es\/wp-content\/uploads\/2024\/01\/foto-2.png\" class=\"attachment-large size-large wp-image-144\" alt=\"\" srcset=\"https:\/\/casaruralarcodevillahoz.es\/wp-content\/uploads\/2024\/01\/foto-2.png 348w, https:\/\/casaruralarcodevillahoz.es\/wp-content\/uploads\/2024\/01\/foto-2-300x200.png 300w\" sizes=\"(max-width: 348px) 100vw, 348px\" \/>\t\t\t\t\t\t\t\t\t\t\t\t\t<\/div>\n\t\t\t\t<\/div>\n\t\t\t\t<div class=\"elementor-element elementor-element-3c99543 elementor-widget elementor-widget-image\" data-id=\"3c99543\" data-element_type=\"widget\" data-widget_type=\"image.default\">\n\t\t\t\t<div class=\"elementor-widget-container\">\n\t\t\t\t\t\t\t\t\t\t\t\t\t<img loading=\"lazy\" decoding=\"async\" width=\"372\" height=\"232\" src=\"https:\/\/casaruralarcodevillahoz.es\/wp-content\/uploads\/2024\/01\/foto-3.png\" class=\"attachment-large size-large wp-image-145\" alt=\"\" srcset=\"https:\/\/casaruralarcodevillahoz.es\/wp-content\/uploads\/2024\/01\/foto-3.png 372w, https:\/\/casaruralarcodevillahoz.es\/wp-content\/uploads\/2024\/01\/foto-3-300x187.png 300w\" sizes=\"(max-width: 372px) 100vw, 372px\" \/>\t\t\t\t\t\t\t\t\t\t\t\t\t<\/div>\n\t\t\t\t<\/div>\n\t\t\t\t<div class=\"elementor-element elementor-element-cf6c329 elementor-widget elementor-widget-image\" data-id=\"cf6c329\" data-element_type=\"widget\" data-widget_type=\"image.default\">\n\t\t\t\t<div class=\"elementor-widget-container\">\n\t\t\t\t\t\t\t\t\t\t\t\t\t<img loading=\"lazy\" decoding=\"async\" width=\"348\" height=\"232\" src=\"https:\/\/casaruralarcodevillahoz.es\/wp-content\/uploads\/2024\/01\/foto-4.png\" class=\"attachment-large size-large wp-image-146\" alt=\"\" srcset=\"https:\/\/casaruralarcodevillahoz.es\/wp-content\/uploads\/2024\/01\/foto-4.png 348w, https:\/\/casaruralarcodevillahoz.es\/wp-content\/uploads\/2024\/01\/foto-4-300x200.png 300w\" sizes=\"(max-width: 348px) 100vw, 348px\" \/>\t\t\t\t\t\t\t\t\t\t\t\t\t<\/div>\n\t\t\t\t<\/div>\n\t\t\t\t\t<\/div>\n\t\t\t\t<\/div>\n\t\t\t\t<div class=\"elementor-element elementor-element-c6583c7 elementor-align-center elementor-widget elementor-widget-button\" data-id=\"c6583c7\" data-element_type=\"widget\" data-widget_type=\"button.default\">\n\t\t\t\t<div class=\"elementor-widget-container\">\n\t\t\t\t\t<div class=\"elementor-button-wrapper\">\n\t\t\t<a class=\"elementor-button elementor-button-link elementor-size-sm\" href=\"https:\/\/casaruralarcodevillahoz.es\/en\/galeria\/\">\n\t\t\t\t\t\t<span class=\"elementor-button-content-wrapper\">\n\t\t\t\t\t\t\t\t\t<span class=\"elementor-button-text\">View Gallery<\/span>\n\t\t\t\t\t<\/span>\n\t\t\t\t\t<\/a>\n\t\t<\/div>\n\t\t\t\t<\/div>\n\t\t\t\t<\/div>\n\t\t\t\t\t<\/div>\n\t\t\t\t<\/div>\n\t\t\t\t<\/div>","protected":false},"excerpt":{"rendered":"<p>Encuentros familiares y de amigos en una lujosa casa rural Un gran entorno con una ubicaci\u00f3n perfecta Todos las calidades durante tu estancia LA CASA RURAL Nuestra casa rural en Villahoz, al sur de Burgos, est\u00e1 cerca de las autov\u00edas E 80 y A 1, con f\u00e1cil acceso. El pueblo ofrece una iglesia renacentista y [&hellip;]<\/p>\n","protected":false},"author":1,"featured_media":0,"parent":0,"menu_order":0,"comment_status":"closed","ping_status":"closed","template":"","meta":{"footnotes":""},"class_list":["post-84","page","type-page","status-publish","hentry"],"yoast_head":"<!-- This site is optimized with the Yoast SEO plugin v25.6 - https:\/\/yoast.com\/wordpress\/plugins\/seo\/ -->\n<title>Casa Rural - Casa Rural Arco de Villahoz<\/title>\n<meta name=\"robots\" content=\"index, follow, max-snippet:-1, max-image-preview:large, max-video-preview:-1\" \/>\n<link rel=\"canonical\" href=\"https:\/\/casaruralarcodevillahoz.es\/en\/casa-rural\/\" \/>\n<meta property=\"og:locale\" content=\"en_GB\" \/>\n<meta property=\"og:type\" content=\"article\" \/>\n<meta property=\"og:title\" content=\"Casa Rural - Casa Rural Arco de Villahoz\" \/>\n<meta property=\"og:description\" content=\"Encuentros familiares y de amigos en una lujosa casa rural Un gran entorno con una ubicaci\u00f3n perfecta Todos las calidades durante tu estancia LA CASA RURAL Nuestra casa rural en Villahoz, al sur de Burgos, est\u00e1 cerca de las autov\u00edas E 80 y A 1, con f\u00e1cil acceso. El pueblo ofrece una iglesia renacentista y [&hellip;]\" \/>\n<meta property=\"og:url\" content=\"https:\/\/casaruralarcodevillahoz.es\/en\/casa-rural\/\" \/>\n<meta property=\"og:site_name\" content=\"Casa Rural Arco de Villahoz\" \/>\n<meta property=\"article:modified_time\" content=\"2024-01-08T15:28:48+00:00\" \/>\n<meta property=\"og:image\" content=\"https:\/\/casaruralarcodevillahoz.es\/wp-content\/uploads\/2024\/01\/gente.png\" \/>\n<meta name=\"twitter:card\" content=\"summary_large_image\" \/>\n<meta name=\"twitter:label1\" content=\"Estimated reading time\" \/>\n\t<meta name=\"twitter:data1\" content=\"2 minutes\" \/>\n<script type=\"application\/ld+json\" class=\"yoast-schema-graph\">{\"@context\":\"https:\/\/schema.org\",\"@graph\":[{\"@type\":\"WebPage\",\"@id\":\"https:\/\/casaruralarcodevillahoz.es\/casa-rural\/\",\"url\":\"https:\/\/casaruralarcodevillahoz.es\/casa-rural\/\",\"name\":\"Casa Rural - Casa Rural Arco de Villahoz\",\"isPartOf\":{\"@id\":\"https:\/\/casaruralarcodevillahoz.es\/#website\"},\"primaryImageOfPage\":{\"@id\":\"https:\/\/casaruralarcodevillahoz.es\/casa-rural\/#primaryimage\"},\"image\":{\"@id\":\"https:\/\/casaruralarcodevillahoz.es\/casa-rural\/#primaryimage\"},\"thumbnailUrl\":\"https:\/\/casaruralarcodevillahoz.es\/wp-content\/uploads\/2024\/01\/gente.png\",\"datePublished\":\"2024-01-03T12:35:04+00:00\",\"dateModified\":\"2024-01-08T15:28:48+00:00\",\"breadcrumb\":{\"@id\":\"https:\/\/casaruralarcodevillahoz.es\/casa-rural\/#breadcrumb\"},\"inLanguage\":\"en-GB\",\"potentialAction\":[{\"@type\":\"ReadAction\",\"target\":[\"https:\/\/casaruralarcodevillahoz.es\/casa-rural\/\"]}]},{\"@type\":\"ImageObject\",\"inLanguage\":\"en-GB\",\"@id\":\"https:\/\/casaruralarcodevillahoz.es\/casa-rural\/#primaryimage\",\"url\":\"https:\/\/casaruralarcodevillahoz.es\/wp-content\/uploads\/2024\/01\/gente.png\",\"contentUrl\":\"https:\/\/casaruralarcodevillahoz.es\/wp-content\/uploads\/2024\/01\/gente.png\"},{\"@type\":\"BreadcrumbList\",\"@id\":\"https:\/\/casaruralarcodevillahoz.es\/casa-rural\/#breadcrumb\",\"itemListElement\":[{\"@type\":\"ListItem\",\"position\":1,\"name\":\"Portada\",\"item\":\"https:\/\/casaruralarcodevillahoz.es\/\"},{\"@type\":\"ListItem\",\"position\":2,\"name\":\"Casa Rural\"}]},{\"@type\":\"WebSite\",\"@id\":\"https:\/\/casaruralarcodevillahoz.es\/#website\",\"url\":\"https:\/\/casaruralarcodevillahoz.es\/\",\"name\":\"Casa Rural Arco de Villahoz\",\"description\":\"Casa rural\",\"publisher\":{\"@id\":\"https:\/\/casaruralarcodevillahoz.es\/#organization\"},\"potentialAction\":[{\"@type\":\"SearchAction\",\"target\":{\"@type\":\"EntryPoint\",\"urlTemplate\":\"https:\/\/casaruralarcodevillahoz.es\/?s={search_term_string}\"},\"query-input\":{\"@type\":\"PropertyValueSpecification\",\"valueRequired\":true,\"valueName\":\"search_term_string\"}}],\"inLanguage\":\"en-GB\"},{\"@type\":\"Organization\",\"@id\":\"https:\/\/casaruralarcodevillahoz.es\/#organization\",\"name\":\"Casa Rural Arco de Villahoz\",\"url\":\"https:\/\/casaruralarcodevillahoz.es\/\",\"logo\":{\"@type\":\"ImageObject\",\"inLanguage\":\"en-GB\",\"@id\":\"https:\/\/casaruralarcodevillahoz.es\/#\/schema\/logo\/image\/\",\"url\":\"https:\/\/casaruralarcodevillahoz.es\/wp-content\/uploads\/2024\/01\/Logotipo.png\",\"contentUrl\":\"https:\/\/casaruralarcodevillahoz.es\/wp-content\/uploads\/2024\/01\/Logotipo.png\",\"width\":1949,\"height\":1418,\"caption\":\"Casa Rural Arco de Villahoz\"},\"image\":{\"@id\":\"https:\/\/casaruralarcodevillahoz.es\/#\/schema\/logo\/image\/\"}}]}<\/script>\n<!-- \/ Yoast SEO plugin. -->","yoast_head_json":{"title":"Casa Rural - Casa Rural Arco de Villahoz","robots":{"index":"index","follow":"follow","max-snippet":"max-snippet:-1","max-image-preview":"max-image-preview:large","max-video-preview":"max-video-preview:-1"},"canonical":"https:\/\/casaruralarcodevillahoz.es\/en\/casa-rural\/","og_locale":"en_GB","og_type":"article","og_title":"Casa Rural - Casa Rural Arco de Villahoz","og_description":"Encuentros familiares y de amigos en una lujosa casa rural Un gran entorno con una ubicaci\u00f3n perfecta Todos las calidades durante tu estancia LA CASA RURAL Nuestra casa rural en Villahoz, al sur de Burgos, est\u00e1 cerca de las autov\u00edas E 80 y A 1, con f\u00e1cil acceso. El pueblo ofrece una iglesia renacentista y [&hellip;]","og_url":"https:\/\/casaruralarcodevillahoz.es\/en\/casa-rural\/","og_site_name":"Casa Rural Arco de Villahoz","article_modified_time":"2024-01-08T15:28:48+00:00","og_image":[{"url":"https:\/\/casaruralarcodevillahoz.es\/wp-content\/uploads\/2024\/01\/gente.png","type":"","width":"","height":""}],"twitter_card":"summary_large_image","twitter_misc":{"Estimated reading time":"2 minutes"},"schema":{"@context":"https:\/\/schema.org","@graph":[{"@type":"WebPage","@id":"https:\/\/casaruralarcodevillahoz.es\/casa-rural\/","url":"https:\/\/casaruralarcodevillahoz.es\/casa-rural\/","name":"Casa Rural - Casa Rural Arco de Villahoz","isPartOf":{"@id":"https:\/\/casaruralarcodevillahoz.es\/#website"},"primaryImageOfPage":{"@id":"https:\/\/casaruralarcodevillahoz.es\/casa-rural\/#primaryimage"},"image":{"@id":"https:\/\/casaruralarcodevillahoz.es\/casa-rural\/#primaryimage"},"thumbnailUrl":"https:\/\/casaruralarcodevillahoz.es\/wp-content\/uploads\/2024\/01\/gente.png","datePublished":"2024-01-03T12:35:04+00:00","dateModified":"2024-01-08T15:28:48+00:00","breadcrumb":{"@id":"https:\/\/casaruralarcodevillahoz.es\/casa-rural\/#breadcrumb"},"inLanguage":"en-GB","potentialAction":[{"@type":"ReadAction","target":["https:\/\/casaruralarcodevillahoz.es\/casa-rural\/"]}]},{"@type":"ImageObject","inLanguage":"en-GB","@id":"https:\/\/casaruralarcodevillahoz.es\/casa-rural\/#primaryimage","url":"https:\/\/casaruralarcodevillahoz.es\/wp-content\/uploads\/2024\/01\/gente.png","contentUrl":"https:\/\/casaruralarcodevillahoz.es\/wp-content\/uploads\/2024\/01\/gente.png"},{"@type":"BreadcrumbList","@id":"https:\/\/casaruralarcodevillahoz.es\/casa-rural\/#breadcrumb","itemListElement":[{"@type":"ListItem","position":1,"name":"Portada","item":"https:\/\/casaruralarcodevillahoz.es\/"},{"@type":"ListItem","position":2,"name":"Casa Rural"}]},{"@type":"WebSite","@id":"https:\/\/casaruralarcodevillahoz.es\/#website","url":"https:\/\/casaruralarcodevillahoz.es\/","name":"Casa Rural Arco de Villahoz","description":"Casa rural","publisher":{"@id":"https:\/\/casaruralarcodevillahoz.es\/#organization"},"potentialAction":[{"@type":"SearchAction","target":{"@type":"EntryPoint","urlTemplate":"https:\/\/casaruralarcodevillahoz.es\/?s={search_term_string}"},"query-input":{"@type":"PropertyValueSpecification","valueRequired":true,"valueName":"search_term_string"}}],"inLanguage":"en-GB"},{"@type":"Organization","@id":"https:\/\/casaruralarcodevillahoz.es\/#organization","name":"Casa Rural Arco de Villahoz","url":"https:\/\/casaruralarcodevillahoz.es\/","logo":{"@type":"ImageObject","inLanguage":"en-GB","@id":"https:\/\/casaruralarcodevillahoz.es\/#\/schema\/logo\/image\/","url":"https:\/\/casaruralarcodevillahoz.es\/wp-content\/uploads\/2024\/01\/Logotipo.png","contentUrl":"https:\/\/casaruralarcodevillahoz.es\/wp-content\/uploads\/2024\/01\/Logotipo.png","width":1949,"height":1418,"caption":"Casa Rural Arco de Villahoz"},"image":{"@id":"https:\/\/casaruralarcodevillahoz.es\/#\/schema\/logo\/image\/"}}]}},"_links":{"self":[{"href":"https:\/\/casaruralarcodevillahoz.es\/en\/wp-json\/wp\/v2\/pages\/84"}],"collection":[{"href":"https:\/\/casaruralarcodevillahoz.es\/en\/wp-json\/wp\/v2\/pages"}],"about":[{"href":"https:\/\/casaruralarcodevillahoz.es\/en\/wp-json\/wp\/v2\/types\/page"}],"author":[{"embeddable":true,"href":"https:\/\/casaruralarcodevillahoz.es\/en\/wp-json\/wp\/v2\/users\/1"}],"replies":[{"embeddable":true,"href":"https:\/\/casaruralarcodevillahoz.es\/en\/wp-json\/wp\/v2\/comments?post=84"}],"version-history":[{"count":13,"href":"https:\/\/casaruralarcodevillahoz.es\/en\/wp-json\/wp\/v2\/pages\/84\/revisions"}],"predecessor-version":[{"id":286,"href":"https:\/\/casaruralarcodevillahoz.es\/en\/wp-json\/wp\/v2\/pages\/84\/revisions\/286"}],"wp:attachment":[{"href":"https:\/\/casaruralarcodevillahoz.es\/en\/wp-json\/wp\/v2\/media?parent=84"}],"curies":[{"name":"wp","href":"https:\/\/api.w.org\/{rel}","templated":true}]}}