{"id":86,"date":"2024-01-03T12:35:27","date_gmt":"2024-01-03T12:35:27","guid":{"rendered":"https:\/\/casaruralarcodevillahoz.es\/?page_id=86"},"modified":"2024-01-04T13:34:36","modified_gmt":"2024-01-04T13:34:36","slug":"servicios","status":"publish","type":"page","link":"https:\/\/casaruralarcodevillahoz.es\/en\/servicios\/","title":{"rendered":"Services"},"content":{"rendered":"<div data-elementor-type=\"wp-page\" data-elementor-id=\"86\" class=\"elementor elementor-86\" data-elementor-post-type=\"page\">\n\t\t\t\t<div class=\"elementor-element elementor-element-de558f3 e-flex e-con-boxed e-con e-parent\" data-id=\"de558f3\" data-element_type=\"container\">\n\t\t\t\t\t<div class=\"e-con-inner\">\n\t\t\t\t<div class=\"elementor-element elementor-element-0715a04 elementor-widget elementor-widget-heading\" data-id=\"0715a04\" data-element_type=\"widget\" data-widget_type=\"heading.default\">\n\t\t\t\t<div class=\"elementor-widget-container\">\n\t\t\t<h2 class=\"elementor-heading-title elementor-size-default\">SERVICES<\/h2>\t\t<\/div>\n\t\t\t\t<\/div>\n\t\t<div class=\"elementor-element elementor-element-8d00e4e e-flex e-con-boxed e-con e-child\" data-id=\"8d00e4e\" data-element_type=\"container\">\n\t\t\t\t\t<div class=\"e-con-inner\">\n\t\t<div class=\"elementor-element elementor-element-59af5f8 e-con-full e-flex e-con e-child\" data-id=\"59af5f8\" data-element_type=\"container\">\n\t\t\t\t<div class=\"elementor-element elementor-element-d5dbb4c elementor-position-left elementor-vertical-align-middle elementor-widget elementor-widget-image-box\" data-id=\"d5dbb4c\" data-element_type=\"widget\" data-widget_type=\"image-box.default\">\n\t\t\t\t<div class=\"elementor-widget-container\">\n\t\t\t<div class=\"elementor-image-box-wrapper\"><figure class=\"elementor-image-box-img\"><img fetchpriority=\"high\" decoding=\"async\" width=\"512\" height=\"512\" src=\"https:\/\/casaruralarcodevillahoz.es\/wp-content\/uploads\/2024\/01\/usuario.png\" class=\"attachment-full size-full wp-image-156\" alt=\"\" srcset=\"https:\/\/casaruralarcodevillahoz.es\/wp-content\/uploads\/2024\/01\/usuario.png 512w, https:\/\/casaruralarcodevillahoz.es\/wp-content\/uploads\/2024\/01\/usuario-300x300.png 300w, https:\/\/casaruralarcodevillahoz.es\/wp-content\/uploads\/2024\/01\/usuario-150x150.png 150w\" sizes=\"(max-width: 512px) 100vw, 512px\" \/><\/figure><div class=\"elementor-image-box-content\"><p class=\"elementor-image-box-description\">18 People<\/p><\/div><\/div>\t\t<\/div>\n\t\t\t\t<\/div>\n\t\t\t\t<div class=\"elementor-element elementor-element-77e228a elementor-widget-divider--view-line elementor-widget elementor-widget-divider\" data-id=\"77e228a\" data-element_type=\"widget\" data-widget_type=\"divider.default\">\n\t\t\t\t<div class=\"elementor-widget-container\">\n\t\t\t\t\t<div class=\"elementor-divider\">\n\t\t\t<span class=\"elementor-divider-separator\">\n\t\t\t\t\t\t<\/span>\n\t\t<\/div>\n\t\t\t\t<\/div>\n\t\t\t\t<\/div>\n\t\t\t\t<div class=\"elementor-element elementor-element-664c30f elementor-position-left elementor-vertical-align-middle elementor-widget elementor-widget-image-box\" data-id=\"664c30f\" data-element_type=\"widget\" data-widget_type=\"image-box.default\">\n\t\t\t\t<div class=\"elementor-widget-container\">\n\t\t\t<div class=\"elementor-image-box-wrapper\"><figure class=\"elementor-image-box-img\"><img decoding=\"async\" width=\"512\" height=\"512\" src=\"https:\/\/casaruralarcodevillahoz.es\/wp-content\/uploads\/2024\/01\/habitacion.png\" class=\"attachment-full size-full wp-image-154\" alt=\"\" srcset=\"https:\/\/casaruralarcodevillahoz.es\/wp-content\/uploads\/2024\/01\/habitacion.png 512w, https:\/\/casaruralarcodevillahoz.es\/wp-content\/uploads\/2024\/01\/habitacion-300x300.png 300w, https:\/\/casaruralarcodevillahoz.es\/wp-content\/uploads\/2024\/01\/habitacion-150x150.png 150w\" sizes=\"(max-width: 512px) 100vw, 512px\" \/><\/figure><div class=\"elementor-image-box-content\"><p class=\"elementor-image-box-description\">8 double rooms<\/p><\/div><\/div>\t\t<\/div>\n\t\t\t\t<\/div>\n\t\t\t\t<div class=\"elementor-element elementor-element-481920c elementor-widget-divider--view-line elementor-widget elementor-widget-divider\" data-id=\"481920c\" data-element_type=\"widget\" data-widget_type=\"divider.default\">\n\t\t\t\t<div class=\"elementor-widget-container\">\n\t\t\t\t\t<div class=\"elementor-divider\">\n\t\t\t<span class=\"elementor-divider-separator\">\n\t\t\t\t\t\t<\/span>\n\t\t<\/div>\n\t\t\t\t<\/div>\n\t\t\t\t<\/div>\n\t\t\t\t<div class=\"elementor-element elementor-element-6f5751a elementor-position-left elementor-vertical-align-middle elementor-widget elementor-widget-image-box\" data-id=\"6f5751a\" data-element_type=\"widget\" data-widget_type=\"image-box.default\">\n\t\t\t\t<div class=\"elementor-widget-container\">\n\t\t\t<div class=\"elementor-image-box-wrapper\"><figure class=\"elementor-image-box-img\"><img decoding=\"async\" width=\"512\" height=\"512\" src=\"https:\/\/casaruralarcodevillahoz.es\/wp-content\/uploads\/2024\/01\/bano.png\" class=\"attachment-full size-full wp-image-150\" alt=\"\" srcset=\"https:\/\/casaruralarcodevillahoz.es\/wp-content\/uploads\/2024\/01\/bano.png 512w, https:\/\/casaruralarcodevillahoz.es\/wp-content\/uploads\/2024\/01\/bano-300x300.png 300w, https:\/\/casaruralarcodevillahoz.es\/wp-content\/uploads\/2024\/01\/bano-150x150.png 150w\" sizes=\"(max-width: 512px) 100vw, 512px\" \/><\/figure><div class=\"elementor-image-box-content\"><p class=\"elementor-image-box-description\">6 Bathrooms<\/p><\/div><\/div>\t\t<\/div>\n\t\t\t\t<\/div>\n\t\t\t\t<div class=\"elementor-element elementor-element-4588380 elementor-widget-divider--view-line elementor-widget elementor-widget-divider\" data-id=\"4588380\" data-element_type=\"widget\" data-widget_type=\"divider.default\">\n\t\t\t\t<div class=\"elementor-widget-container\">\n\t\t\t\t\t<div class=\"elementor-divider\">\n\t\t\t<span class=\"elementor-divider-separator\">\n\t\t\t\t\t\t<\/span>\n\t\t<\/div>\n\t\t\t\t<\/div>\n\t\t\t\t<\/div>\n\t\t\t\t<div class=\"elementor-element elementor-element-edce391 elementor-position-left elementor-vertical-align-middle elementor-widget elementor-widget-image-box\" data-id=\"edce391\" data-element_type=\"widget\" data-widget_type=\"image-box.default\">\n\t\t\t\t<div class=\"elementor-widget-container\">\n\t\t\t<div class=\"elementor-image-box-wrapper\"><figure class=\"elementor-image-box-img\"><img loading=\"lazy\" decoding=\"async\" width=\"512\" height=\"512\" src=\"https:\/\/casaruralarcodevillahoz.es\/wp-content\/uploads\/2024\/01\/cocina.png\" class=\"attachment-full size-full wp-image-152\" alt=\"\" srcset=\"https:\/\/casaruralarcodevillahoz.es\/wp-content\/uploads\/2024\/01\/cocina.png 512w, https:\/\/casaruralarcodevillahoz.es\/wp-content\/uploads\/2024\/01\/cocina-300x300.png 300w, https:\/\/casaruralarcodevillahoz.es\/wp-content\/uploads\/2024\/01\/cocina-150x150.png 150w\" sizes=\"(max-width: 512px) 100vw, 512px\" \/><\/figure><div class=\"elementor-image-box-content\"><p class=\"elementor-image-box-description\">2 Kitchens<\/p><\/div><\/div>\t\t<\/div>\n\t\t\t\t<\/div>\n\t\t\t\t<div class=\"elementor-element elementor-element-e0f5198 elementor-widget-divider--view-line elementor-widget elementor-widget-divider\" data-id=\"e0f5198\" data-element_type=\"widget\" data-widget_type=\"divider.default\">\n\t\t\t\t<div class=\"elementor-widget-container\">\n\t\t\t\t\t<div class=\"elementor-divider\">\n\t\t\t<span class=\"elementor-divider-separator\">\n\t\t\t\t\t\t<\/span>\n\t\t<\/div>\n\t\t\t\t<\/div>\n\t\t\t\t<\/div>\n\t\t\t\t<div class=\"elementor-element elementor-element-8d4259d elementor-position-left elementor-vertical-align-middle elementor-widget elementor-widget-image-box\" data-id=\"8d4259d\" data-element_type=\"widget\" data-widget_type=\"image-box.default\">\n\t\t\t\t<div class=\"elementor-widget-container\">\n\t\t\t<div class=\"elementor-image-box-wrapper\"><figure class=\"elementor-image-box-img\"><img loading=\"lazy\" decoding=\"async\" width=\"512\" height=\"512\" src=\"https:\/\/casaruralarcodevillahoz.es\/wp-content\/uploads\/2024\/01\/comedor.png\" class=\"attachment-full size-full wp-image-153\" alt=\"\" srcset=\"https:\/\/casaruralarcodevillahoz.es\/wp-content\/uploads\/2024\/01\/comedor.png 512w, https:\/\/casaruralarcodevillahoz.es\/wp-content\/uploads\/2024\/01\/comedor-300x300.png 300w, https:\/\/casaruralarcodevillahoz.es\/wp-content\/uploads\/2024\/01\/comedor-150x150.png 150w\" sizes=\"(max-width: 512px) 100vw, 512px\" \/><\/figure><div class=\"elementor-image-box-content\"><p class=\"elementor-image-box-description\">2 Rooms<\/p><\/div><\/div>\t\t<\/div>\n\t\t\t\t<\/div>\n\t\t\t\t<div class=\"elementor-element elementor-element-02409c9 elementor-widget-divider--view-line elementor-widget elementor-widget-divider\" data-id=\"02409c9\" data-element_type=\"widget\" data-widget_type=\"divider.default\">\n\t\t\t\t<div class=\"elementor-widget-container\">\n\t\t\t\t\t<div class=\"elementor-divider\">\n\t\t\t<span class=\"elementor-divider-separator\">\n\t\t\t\t\t\t<\/span>\n\t\t<\/div>\n\t\t\t\t<\/div>\n\t\t\t\t<\/div>\n\t\t\t\t<div class=\"elementor-element elementor-element-32c4e9c elementor-position-left elementor-vertical-align-middle elementor-widget elementor-widget-image-box\" data-id=\"32c4e9c\" data-element_type=\"widget\" data-widget_type=\"image-box.default\">\n\t\t\t\t<div class=\"elementor-widget-container\">\n\t\t\t<div class=\"elementor-image-box-wrapper\"><figure class=\"elementor-image-box-img\"><img loading=\"lazy\" decoding=\"async\" width=\"512\" height=\"512\" src=\"https:\/\/casaruralarcodevillahoz.es\/wp-content\/uploads\/2024\/01\/terraza.png\" class=\"attachment-full size-full wp-image-155\" alt=\"\" srcset=\"https:\/\/casaruralarcodevillahoz.es\/wp-content\/uploads\/2024\/01\/terraza.png 512w, https:\/\/casaruralarcodevillahoz.es\/wp-content\/uploads\/2024\/01\/terraza-300x300.png 300w, https:\/\/casaruralarcodevillahoz.es\/wp-content\/uploads\/2024\/01\/terraza-150x150.png 150w\" sizes=\"(max-width: 512px) 100vw, 512px\" \/><\/figure><div class=\"elementor-image-box-content\"><p class=\"elementor-image-box-description\">Terrace<\/p><\/div><\/div>\t\t<\/div>\n\t\t\t\t<\/div>\n\t\t\t\t<div class=\"elementor-element elementor-element-8fedc14 elementor-widget-divider--view-line elementor-widget elementor-widget-divider\" data-id=\"8fedc14\" data-element_type=\"widget\" data-widget_type=\"divider.default\">\n\t\t\t\t<div class=\"elementor-widget-container\">\n\t\t\t\t\t<div class=\"elementor-divider\">\n\t\t\t<span class=\"elementor-divider-separator\">\n\t\t\t\t\t\t<\/span>\n\t\t<\/div>\n\t\t\t\t<\/div>\n\t\t\t\t<\/div>\n\t\t\t\t<div class=\"elementor-element elementor-element-3b00a6c elementor-position-left elementor-vertical-align-middle elementor-widget elementor-widget-image-box\" data-id=\"3b00a6c\" data-element_type=\"widget\" data-widget_type=\"image-box.default\">\n\t\t\t\t<div class=\"elementor-widget-container\">\n\t\t\t<div class=\"elementor-image-box-wrapper\"><figure class=\"elementor-image-box-img\"><img loading=\"lazy\" decoding=\"async\" width=\"512\" height=\"512\" src=\"https:\/\/casaruralarcodevillahoz.es\/wp-content\/uploads\/2024\/01\/coche.png\" class=\"attachment-full size-full wp-image-151\" alt=\"\" srcset=\"https:\/\/casaruralarcodevillahoz.es\/wp-content\/uploads\/2024\/01\/coche.png 512w, https:\/\/casaruralarcodevillahoz.es\/wp-content\/uploads\/2024\/01\/coche-300x300.png 300w, https:\/\/casaruralarcodevillahoz.es\/wp-content\/uploads\/2024\/01\/coche-150x150.png 150w\" sizes=\"(max-width: 512px) 100vw, 512px\" \/><\/figure><div class=\"elementor-image-box-content\"><p class=\"elementor-image-box-description\">parking<\/p><\/div><\/div>\t\t<\/div>\n\t\t\t\t<\/div>\n\t\t\t\t<div class=\"elementor-element elementor-element-7c15559 elementor-widget-divider--view-line elementor-widget elementor-widget-divider\" data-id=\"7c15559\" data-element_type=\"widget\" data-widget_type=\"divider.default\">\n\t\t\t\t<div class=\"elementor-widget-container\">\n\t\t\t\t\t<div class=\"elementor-divider\">\n\t\t\t<span class=\"elementor-divider-separator\">\n\t\t\t\t\t\t<\/span>\n\t\t<\/div>\n\t\t\t\t<\/div>\n\t\t\t\t<\/div>\n\t\t\t\t<\/div>\n\t\t\t\t<div class=\"elementor-element elementor-element-b5c9246 elementor-widget__width-initial elementor-widget elementor-widget-text-editor\" data-id=\"b5c9246\" data-element_type=\"widget\" data-widget_type=\"text-editor.default\">\n\t\t\t\t<div class=\"elementor-widget-container\">\n\t\t\t\t\t\t\t<p>The rural housing house consists of <strong>8 double rooms<\/strong> with <strong>possibility of expanding with extra beds up to 18 people<\/strong>. Dispose of <strong>6 bathrooms, two kitchens, living room<\/strong>, and <strong>Living room<\/strong> ample space with armchairs and a pool table and darts machine. In addition, it is completed with a wide <strong>private terrace<\/strong> which has a barbecue for this purpose.<\/p><p>As a complement, there is a wide <strong>outdoor public parking<\/strong> in front of the building.<\/p>\t\t\t\t\t\t<\/div>\n\t\t\t\t<\/div>\n\t\t\t\t\t<\/div>\n\t\t\t\t<\/div>\n\t\t\t\t\t<\/div>\n\t\t\t\t<\/div>\n\t\t<div class=\"elementor-element elementor-element-29ac972 e-flex e-con-boxed e-con e-parent\" data-id=\"29ac972\" data-element_type=\"container\" data-settings=\"{&quot;background_background&quot;:&quot;classic&quot;}\">\n\t\t\t\t\t<div class=\"e-con-inner\">\n\t\t\t\t<div class=\"elementor-element elementor-element-ae29922 elementor-widget-mobile__width-initial elementor-widget elementor-widget-text-editor\" data-id=\"ae29922\" data-element_type=\"widget\" data-widget_type=\"text-editor.default\">\n\t\t\t\t<div class=\"elementor-widget-container\">\n\t\t\t\t\t\t\t<p>The place is ideal for family and friends gatherings, who can enjoy a quiet environment in a town with a genuine Castilian flavor. These encounters can be completed with bike excursions or walking along the well-marked Senderos de la Ribera del Arlanza route. You can also visit several wine cellars in the Ribera del Arlanza denomination.<\/p><p><br \/>And it goes without saying that it is the area where you can taste the famous Castilian lamb accompanied by garlic soups and the extraordinary Burgos rice blood sausage.<\/p>\t\t\t\t\t\t<\/div>\n\t\t\t\t<\/div>\n\t\t\t\t\t<\/div>\n\t\t\t\t<\/div>\n\t\t<div class=\"elementor-element elementor-element-842cae2 e-flex e-con-boxed e-con e-parent\" data-id=\"842cae2\" data-element_type=\"container\">\n\t\t\t\t\t<div class=\"e-con-inner\">\n\t\t<div class=\"elementor-element elementor-element-18e3d59 e-con-full e-flex e-con e-child\" data-id=\"18e3d59\" data-element_type=\"container\">\n\t\t\t\t<div class=\"elementor-element elementor-element-d23b511 elementor-widget elementor-widget-image\" data-id=\"d23b511\" data-element_type=\"widget\" data-widget_type=\"image.default\">\n\t\t\t\t<div class=\"elementor-widget-container\">\n\t\t\t\t\t\t\t\t\t\t\t\t\t<img loading=\"lazy\" decoding=\"async\" width=\"535\" height=\"232\" src=\"https:\/\/casaruralarcodevillahoz.es\/wp-content\/uploads\/2024\/01\/foto-8.png\" class=\"attachment-large size-large wp-image-157\" alt=\"\" srcset=\"https:\/\/casaruralarcodevillahoz.es\/wp-content\/uploads\/2024\/01\/foto-8.png 535w, https:\/\/casaruralarcodevillahoz.es\/wp-content\/uploads\/2024\/01\/foto-8-300x130.png 300w\" sizes=\"(max-width: 535px) 100vw, 535px\" \/>\t\t\t\t\t\t\t\t\t\t\t\t\t<\/div>\n\t\t\t\t<\/div>\n\t\t\t\t<\/div>\n\t\t<div class=\"elementor-element elementor-element-c9c096a e-con-full e-flex e-con e-child\" data-id=\"c9c096a\" data-element_type=\"container\">\n\t\t\t\t<div class=\"elementor-element elementor-element-8380fd9 elementor-widget elementor-widget-image\" data-id=\"8380fd9\" data-element_type=\"widget\" data-widget_type=\"image.default\">\n\t\t\t\t<div class=\"elementor-widget-container\">\n\t\t\t\t\t\t\t\t\t\t\t\t\t<img loading=\"lazy\" decoding=\"async\" width=\"535\" height=\"232\" src=\"https:\/\/casaruralarcodevillahoz.es\/wp-content\/uploads\/2024\/01\/foto-9.png\" class=\"attachment-large size-large wp-image-158\" alt=\"\" srcset=\"https:\/\/casaruralarcodevillahoz.es\/wp-content\/uploads\/2024\/01\/foto-9.png 535w, https:\/\/casaruralarcodevillahoz.es\/wp-content\/uploads\/2024\/01\/foto-9-300x130.png 300w\" sizes=\"(max-width: 535px) 100vw, 535px\" \/>\t\t\t\t\t\t\t\t\t\t\t\t\t<\/div>\n\t\t\t\t<\/div>\n\t\t\t\t<\/div>\n\t\t\t\t\t<\/div>\n\t\t\t\t<\/div>\n\t\t\t\t<\/div>","protected":false},"excerpt":{"rendered":"<p>SERVICIOS 18 Personas 8 Habitaciones dobles 6 Ba\u00f1os 2 Cocinas 2 Salones Terraza Aparcamiento La casa vivienda rural consta de 8 habitaciones dobles con posibilidad de ampliar con camas supletorias hasta 18 personas. Dispone de 6 ba\u00f1os, dos cocinas, sal\u00f3n comedor, y sal\u00f3n de estar de amplio espacio con sillones y mesa de billar y [&hellip;]<\/p>\n","protected":false},"author":1,"featured_media":0,"parent":0,"menu_order":0,"comment_status":"closed","ping_status":"closed","template":"","meta":{"footnotes":""},"class_list":["post-86","page","type-page","status-publish","hentry"],"yoast_head":"<!-- This site is optimized with the Yoast SEO plugin v25.6 - https:\/\/yoast.com\/wordpress\/plugins\/seo\/ -->\n<title>Servicios - Casa Rural Arco de Villahoz<\/title>\n<meta name=\"robots\" content=\"index, follow, max-snippet:-1, max-image-preview:large, max-video-preview:-1\" \/>\n<link rel=\"canonical\" href=\"https:\/\/casaruralarcodevillahoz.es\/en\/servicios\/\" \/>\n<meta property=\"og:locale\" content=\"en_GB\" \/>\n<meta property=\"og:type\" content=\"article\" \/>\n<meta property=\"og:title\" content=\"Servicios - Casa Rural Arco de Villahoz\" \/>\n<meta property=\"og:description\" content=\"SERVICIOS 18 Personas 8 Habitaciones dobles 6 Ba\u00f1os 2 Cocinas 2 Salones Terraza Aparcamiento La casa vivienda rural consta de 8 habitaciones dobles con posibilidad de ampliar con camas supletorias hasta 18 personas. Dispone de 6 ba\u00f1os, dos cocinas, sal\u00f3n comedor, y sal\u00f3n de estar de amplio espacio con sillones y mesa de billar y [&hellip;]\" \/>\n<meta property=\"og:url\" content=\"https:\/\/casaruralarcodevillahoz.es\/en\/servicios\/\" \/>\n<meta property=\"og:site_name\" content=\"Casa Rural Arco de Villahoz\" \/>\n<meta property=\"article:modified_time\" content=\"2024-01-04T13:34:36+00:00\" \/>\n<meta property=\"og:image\" content=\"https:\/\/casaruralarcodevillahoz.es\/wp-content\/uploads\/2024\/01\/usuario.png\" \/>\n<meta name=\"twitter:card\" content=\"summary_large_image\" \/>\n<meta name=\"twitter:label1\" content=\"Estimated reading time\" \/>\n\t<meta name=\"twitter:data1\" content=\"1 minute\" \/>\n<script type=\"application\/ld+json\" class=\"yoast-schema-graph\">{\"@context\":\"https:\/\/schema.org\",\"@graph\":[{\"@type\":\"WebPage\",\"@id\":\"https:\/\/casaruralarcodevillahoz.es\/servicios\/\",\"url\":\"https:\/\/casaruralarcodevillahoz.es\/servicios\/\",\"name\":\"Servicios - Casa Rural Arco de Villahoz\",\"isPartOf\":{\"@id\":\"https:\/\/casaruralarcodevillahoz.es\/#website\"},\"primaryImageOfPage\":{\"@id\":\"https:\/\/casaruralarcodevillahoz.es\/servicios\/#primaryimage\"},\"image\":{\"@id\":\"https:\/\/casaruralarcodevillahoz.es\/servicios\/#primaryimage\"},\"thumbnailUrl\":\"https:\/\/casaruralarcodevillahoz.es\/wp-content\/uploads\/2024\/01\/usuario.png\",\"datePublished\":\"2024-01-03T12:35:27+00:00\",\"dateModified\":\"2024-01-04T13:34:36+00:00\",\"breadcrumb\":{\"@id\":\"https:\/\/casaruralarcodevillahoz.es\/servicios\/#breadcrumb\"},\"inLanguage\":\"en-GB\",\"potentialAction\":[{\"@type\":\"ReadAction\",\"target\":[\"https:\/\/casaruralarcodevillahoz.es\/servicios\/\"]}]},{\"@type\":\"ImageObject\",\"inLanguage\":\"en-GB\",\"@id\":\"https:\/\/casaruralarcodevillahoz.es\/servicios\/#primaryimage\",\"url\":\"https:\/\/casaruralarcodevillahoz.es\/wp-content\/uploads\/2024\/01\/usuario.png\",\"contentUrl\":\"https:\/\/casaruralarcodevillahoz.es\/wp-content\/uploads\/2024\/01\/usuario.png\"},{\"@type\":\"BreadcrumbList\",\"@id\":\"https:\/\/casaruralarcodevillahoz.es\/servicios\/#breadcrumb\",\"itemListElement\":[{\"@type\":\"ListItem\",\"position\":1,\"name\":\"Portada\",\"item\":\"https:\/\/casaruralarcodevillahoz.es\/\"},{\"@type\":\"ListItem\",\"position\":2,\"name\":\"Servicios\"}]},{\"@type\":\"WebSite\",\"@id\":\"https:\/\/casaruralarcodevillahoz.es\/#website\",\"url\":\"https:\/\/casaruralarcodevillahoz.es\/\",\"name\":\"Casa Rural Arco de Villahoz\",\"description\":\"Casa rural\",\"publisher\":{\"@id\":\"https:\/\/casaruralarcodevillahoz.es\/#organization\"},\"potentialAction\":[{\"@type\":\"SearchAction\",\"target\":{\"@type\":\"EntryPoint\",\"urlTemplate\":\"https:\/\/casaruralarcodevillahoz.es\/?s={search_term_string}\"},\"query-input\":{\"@type\":\"PropertyValueSpecification\",\"valueRequired\":true,\"valueName\":\"search_term_string\"}}],\"inLanguage\":\"en-GB\"},{\"@type\":\"Organization\",\"@id\":\"https:\/\/casaruralarcodevillahoz.es\/#organization\",\"name\":\"Casa Rural Arco de Villahoz\",\"url\":\"https:\/\/casaruralarcodevillahoz.es\/\",\"logo\":{\"@type\":\"ImageObject\",\"inLanguage\":\"en-GB\",\"@id\":\"https:\/\/casaruralarcodevillahoz.es\/#\/schema\/logo\/image\/\",\"url\":\"https:\/\/casaruralarcodevillahoz.es\/wp-content\/uploads\/2024\/01\/Logotipo.png\",\"contentUrl\":\"https:\/\/casaruralarcodevillahoz.es\/wp-content\/uploads\/2024\/01\/Logotipo.png\",\"width\":1949,\"height\":1418,\"caption\":\"Casa Rural Arco de Villahoz\"},\"image\":{\"@id\":\"https:\/\/casaruralarcodevillahoz.es\/#\/schema\/logo\/image\/\"}}]}<\/script>\n<!-- \/ Yoast SEO plugin. -->","yoast_head_json":{"title":"Servicios - Casa Rural Arco de Villahoz","robots":{"index":"index","follow":"follow","max-snippet":"max-snippet:-1","max-image-preview":"max-image-preview:large","max-video-preview":"max-video-preview:-1"},"canonical":"https:\/\/casaruralarcodevillahoz.es\/en\/servicios\/","og_locale":"en_GB","og_type":"article","og_title":"Servicios - Casa Rural Arco de Villahoz","og_description":"SERVICIOS 18 Personas 8 Habitaciones dobles 6 Ba\u00f1os 2 Cocinas 2 Salones Terraza Aparcamiento La casa vivienda rural consta de 8 habitaciones dobles con posibilidad de ampliar con camas supletorias hasta 18 personas. Dispone de 6 ba\u00f1os, dos cocinas, sal\u00f3n comedor, y sal\u00f3n de estar de amplio espacio con sillones y mesa de billar y [&hellip;]","og_url":"https:\/\/casaruralarcodevillahoz.es\/en\/servicios\/","og_site_name":"Casa Rural Arco de Villahoz","article_modified_time":"2024-01-04T13:34:36+00:00","og_image":[{"url":"https:\/\/casaruralarcodevillahoz.es\/wp-content\/uploads\/2024\/01\/usuario.png","type":"","width":"","height":""}],"twitter_card":"summary_large_image","twitter_misc":{"Estimated reading time":"1 minute"},"schema":{"@context":"https:\/\/schema.org","@graph":[{"@type":"WebPage","@id":"https:\/\/casaruralarcodevillahoz.es\/servicios\/","url":"https:\/\/casaruralarcodevillahoz.es\/servicios\/","name":"Servicios - Casa Rural Arco de Villahoz","isPartOf":{"@id":"https:\/\/casaruralarcodevillahoz.es\/#website"},"primaryImageOfPage":{"@id":"https:\/\/casaruralarcodevillahoz.es\/servicios\/#primaryimage"},"image":{"@id":"https:\/\/casaruralarcodevillahoz.es\/servicios\/#primaryimage"},"thumbnailUrl":"https:\/\/casaruralarcodevillahoz.es\/wp-content\/uploads\/2024\/01\/usuario.png","datePublished":"2024-01-03T12:35:27+00:00","dateModified":"2024-01-04T13:34:36+00:00","breadcrumb":{"@id":"https:\/\/casaruralarcodevillahoz.es\/servicios\/#breadcrumb"},"inLanguage":"en-GB","potentialAction":[{"@type":"ReadAction","target":["https:\/\/casaruralarcodevillahoz.es\/servicios\/"]}]},{"@type":"ImageObject","inLanguage":"en-GB","@id":"https:\/\/casaruralarcodevillahoz.es\/servicios\/#primaryimage","url":"https:\/\/casaruralarcodevillahoz.es\/wp-content\/uploads\/2024\/01\/usuario.png","contentUrl":"https:\/\/casaruralarcodevillahoz.es\/wp-content\/uploads\/2024\/01\/usuario.png"},{"@type":"BreadcrumbList","@id":"https:\/\/casaruralarcodevillahoz.es\/servicios\/#breadcrumb","itemListElement":[{"@type":"ListItem","position":1,"name":"Portada","item":"https:\/\/casaruralarcodevillahoz.es\/"},{"@type":"ListItem","position":2,"name":"Servicios"}]},{"@type":"WebSite","@id":"https:\/\/casaruralarcodevillahoz.es\/#website","url":"https:\/\/casaruralarcodevillahoz.es\/","name":"Casa Rural Arco de Villahoz","description":"Casa rural","publisher":{"@id":"https:\/\/casaruralarcodevillahoz.es\/#organization"},"potentialAction":[{"@type":"SearchAction","target":{"@type":"EntryPoint","urlTemplate":"https:\/\/casaruralarcodevillahoz.es\/?s={search_term_string}"},"query-input":{"@type":"PropertyValueSpecification","valueRequired":true,"valueName":"search_term_string"}}],"inLanguage":"en-GB"},{"@type":"Organization","@id":"https:\/\/casaruralarcodevillahoz.es\/#organization","name":"Casa Rural Arco de Villahoz","url":"https:\/\/casaruralarcodevillahoz.es\/","logo":{"@type":"ImageObject","inLanguage":"en-GB","@id":"https:\/\/casaruralarcodevillahoz.es\/#\/schema\/logo\/image\/","url":"https:\/\/casaruralarcodevillahoz.es\/wp-content\/uploads\/2024\/01\/Logotipo.png","contentUrl":"https:\/\/casaruralarcodevillahoz.es\/wp-content\/uploads\/2024\/01\/Logotipo.png","width":1949,"height":1418,"caption":"Casa Rural Arco de Villahoz"},"image":{"@id":"https:\/\/casaruralarcodevillahoz.es\/#\/schema\/logo\/image\/"}}]}},"_links":{"self":[{"href":"https:\/\/casaruralarcodevillahoz.es\/en\/wp-json\/wp\/v2\/pages\/86"}],"collection":[{"href":"https:\/\/casaruralarcodevillahoz.es\/en\/wp-json\/wp\/v2\/pages"}],"about":[{"href":"https:\/\/casaruralarcodevillahoz.es\/en\/wp-json\/wp\/v2\/types\/page"}],"author":[{"embeddable":true,"href":"https:\/\/casaruralarcodevillahoz.es\/en\/wp-json\/wp\/v2\/users\/1"}],"replies":[{"embeddable":true,"href":"https:\/\/casaruralarcodevillahoz.es\/en\/wp-json\/wp\/v2\/comments?post=86"}],"version-history":[{"count":7,"href":"https:\/\/casaruralarcodevillahoz.es\/en\/wp-json\/wp\/v2\/pages\/86\/revisions"}],"predecessor-version":[{"id":255,"href":"https:\/\/casaruralarcodevillahoz.es\/en\/wp-json\/wp\/v2\/pages\/86\/revisions\/255"}],"wp:attachment":[{"href":"https:\/\/casaruralarcodevillahoz.es\/en\/wp-json\/wp\/v2\/media?parent=86"}],"curies":[{"name":"wp","href":"https:\/\/api.w.org\/{rel}","templated":true}]}}